{"id":282,"date":"2023-10-25T19:41:55","date_gmt":"2023-10-25T19:41:55","guid":{"rendered":"https:\/\/gasmen.com.mx\/web\/?page_id=282"},"modified":"2025-08-07T16:37:23","modified_gmt":"2025-08-07T16:37:23","slug":"blog","status":"publish","type":"page","link":"https:\/\/gasmen.com.mx\/web\/blog\/","title":{"rendered":"Blog"},"content":{"rendered":"\t\t<div data-elementor-type=\"wp-page\" data-elementor-id=\"282\" class=\"elementor elementor-282\" data-elementor-post-type=\"page\">\n\t\t\t\t\t\t<section class=\"elementor-section elementor-top-section elementor-element elementor-element-e9e2dfe elementor-section-height-min-height elementor-section-boxed elementor-section-height-default elementor-section-items-middle\" data-id=\"e9e2dfe\" data-element_type=\"section\" data-e-type=\"section\" data-settings=\"{&quot;background_background&quot;:&quot;slideshow&quot;,&quot;background_slideshow_gallery&quot;:[{&quot;id&quot;:302,&quot;url&quot;:&quot;https:\\\/\\\/gasmen.com.mx\\\/web\\\/wp-content\\\/uploads\\\/2023\\\/10\\\/gasmen-grua-1.png&quot;}],&quot;background_slideshow_loop&quot;:&quot;yes&quot;,&quot;background_slideshow_slide_duration&quot;:5000,&quot;background_slideshow_slide_transition&quot;:&quot;fade&quot;,&quot;background_slideshow_transition_duration&quot;:500}\">\n\t\t\t\t\t\t\t<div class=\"elementor-background-overlay\"><\/div>\n\t\t\t\t\t\t\t<div class=\"elementor-container elementor-column-gap-default\">\n\t\t\t\t\t<div class=\"elementor-column elementor-col-100 elementor-top-column elementor-element elementor-element-ce7eacf\" data-id=\"ce7eacf\" data-element_type=\"column\" data-e-type=\"column\">\n\t\t\t<div class=\"elementor-widget-wrap elementor-element-populated\">\n\t\t\t\t\t\t<div class=\"elementor-element elementor-element-574a6ae animated-slow elementor-invisible elementor-widget elementor-widget-heading\" data-id=\"574a6ae\" data-element_type=\"widget\" data-e-type=\"widget\" data-settings=\"{&quot;_animation&quot;:&quot;fadeIn&quot;}\" data-widget_type=\"heading.default\">\n\t\t\t\t<div class=\"elementor-widget-container\">\n\t\t\t\t\t<h2 class=\"elementor-heading-title elementor-size-default\">Welcome to our blog!<\/h2>\t\t\t\t<\/div>\n\t\t\t\t<\/div>\n\t\t\t\t\t<\/div>\n\t\t<\/div>\n\t\t\t\t\t<\/div>\n\t\t<\/section>\n\t\t\t\t<section class=\"elementor-section elementor-top-section elementor-element elementor-element-3f90293 elementor-section-boxed elementor-section-height-default elementor-section-height-default\" data-id=\"3f90293\" data-element_type=\"section\" data-e-type=\"section\">\n\t\t\t\t\t\t<div class=\"elementor-container elementor-column-gap-default\">\n\t\t\t\t\t<div class=\"elementor-column elementor-col-100 elementor-top-column elementor-element elementor-element-40f01e5\" data-id=\"40f01e5\" data-element_type=\"column\" data-e-type=\"column\">\n\t\t\t<div class=\"elementor-widget-wrap elementor-element-populated\">\n\t\t\t\t\t\t<div class=\"elementor-element elementor-element-fb43110 elementor-grid-3 elementor-grid-tablet-2 elementor-grid-mobile-1 elementor-posts--thumbnail-top elementor-widget elementor-widget-posts\" data-id=\"fb43110\" data-element_type=\"widget\" data-e-type=\"widget\" data-settings=\"{&quot;classic_row_gap&quot;:{&quot;unit&quot;:&quot;px&quot;,&quot;size&quot;:40,&quot;sizes&quot;:[]},&quot;classic_columns&quot;:&quot;3&quot;,&quot;classic_columns_tablet&quot;:&quot;2&quot;,&quot;classic_columns_mobile&quot;:&quot;1&quot;,&quot;classic_row_gap_tablet&quot;:{&quot;unit&quot;:&quot;px&quot;,&quot;size&quot;:&quot;&quot;,&quot;sizes&quot;:[]},&quot;classic_row_gap_mobile&quot;:{&quot;unit&quot;:&quot;px&quot;,&quot;size&quot;:&quot;&quot;,&quot;sizes&quot;:[]}}\" data-widget_type=\"posts.classic\">\n\t\t\t\t<div class=\"elementor-widget-container\">\n\t\t\t\t\t\t\t<div class=\"elementor-posts-container elementor-posts elementor-posts--skin-classic elementor-grid\" role=\"list\">\n\t\t\t\t<article class=\"elementor-post elementor-grid-item post-637 post type-post status-publish format-standard has-post-thumbnail hentry category-uncategorized\" role=\"listitem\">\n\t\t\t\t<a class=\"elementor-post__thumbnail__link\" href=\"https:\/\/gasmen.com.mx\/web\/637-2\/\" tabindex=\"-1\" >\n\t\t\t<div class=\"elementor-post__thumbnail\"><img fetchpriority=\"high\" decoding=\"async\" width=\"1750\" height=\"1000\" src=\"https:\/\/gasmen.com.mx\/web\/wp-content\/uploads\/2025\/06\/the-robot-put-his-finger-to-the-head-2024-12-05-14-02-18-utc.jpg\" class=\"attachment-2048x2048 size-2048x2048 wp-image-638\" alt=\"\" srcset=\"https:\/\/gasmen.com.mx\/web\/wp-content\/uploads\/2025\/06\/the-robot-put-his-finger-to-the-head-2024-12-05-14-02-18-utc.jpg 1750w, https:\/\/gasmen.com.mx\/web\/wp-content\/uploads\/2025\/06\/the-robot-put-his-finger-to-the-head-2024-12-05-14-02-18-utc-300x171.jpg 300w, https:\/\/gasmen.com.mx\/web\/wp-content\/uploads\/2025\/06\/the-robot-put-his-finger-to-the-head-2024-12-05-14-02-18-utc-1024x585.jpg 1024w, https:\/\/gasmen.com.mx\/web\/wp-content\/uploads\/2025\/06\/the-robot-put-his-finger-to-the-head-2024-12-05-14-02-18-utc-768x439.jpg 768w, https:\/\/gasmen.com.mx\/web\/wp-content\/uploads\/2025\/06\/the-robot-put-his-finger-to-the-head-2024-12-05-14-02-18-utc-1536x878.jpg 1536w\" sizes=\"(max-width: 1750px) 100vw, 1750px\" \/><\/div>\n\t\t<\/a>\n\t\t\t\t<div class=\"elementor-post__text\">\n\t\t\t\t<h3 class=\"elementor-post__title\">\n\t\t\t<a href=\"https:\/\/gasmen.com.mx\/web\/637-2\/\" >\n\t\t\t\tAntes de decidir usa la cabeza\t\t\t<\/a>\n\t\t<\/h3>\n\t\t\t\t<div class=\"elementor-post__meta-data\">\n\t\t\t\t\t<span class=\"elementor-post-date\">\n\t\t\tjunio 9, 2025\t\t<\/span>\n\t\t\t\t<span class=\"elementor-post-avatar\">\n\t\t\tNo hay comentarios\t\t<\/span>\n\t\t\t\t<\/div>\n\t\t\t\t<div class=\"elementor-post__excerpt\">\n\t\t\t<p>Ser inteligente no es opci\u00f3n\u2026 es la \u00fanica forma de seguir en el juego. La presi\u00f3n por automatizar, robotizar y subirse a la ola de<\/p>\n\t\t<\/div>\n\t\t\n\t\t<a class=\"elementor-post__read-more\" href=\"https:\/\/gasmen.com.mx\/web\/637-2\/\" aria-label=\"M\u00e1s informaci\u00f3n sobre Antes de decidir usa la cabeza\" tabindex=\"-1\" >\n\t\t\tLeer m\u00e1s \u00bb\t\t<\/a>\n\n\t\t\t\t<\/div>\n\t\t\t\t<\/article>\n\t\t\t\t<article class=\"elementor-post elementor-grid-item post-630 post type-post status-publish format-standard has-post-thumbnail hentry category-uncategorized\" role=\"listitem\">\n\t\t\t\t<a class=\"elementor-post__thumbnail__link\" href=\"https:\/\/gasmen.com.mx\/web\/ai-and-robotics-in-mexico-management-insights\/\" tabindex=\"-1\" >\n\t\t\t<div class=\"elementor-post__thumbnail\"><img decoding=\"async\" width=\"1536\" height=\"1024\" src=\"https:\/\/gasmen.com.mx\/web\/wp-content\/uploads\/2025\/06\/imagen-1.jpeg\" class=\"attachment-2048x2048 size-2048x2048 wp-image-628\" alt=\"\" srcset=\"https:\/\/gasmen.com.mx\/web\/wp-content\/uploads\/2025\/06\/imagen-1.jpeg 1536w, https:\/\/gasmen.com.mx\/web\/wp-content\/uploads\/2025\/06\/imagen-1-300x200.jpeg 300w, https:\/\/gasmen.com.mx\/web\/wp-content\/uploads\/2025\/06\/imagen-1-1024x683.jpeg 1024w, https:\/\/gasmen.com.mx\/web\/wp-content\/uploads\/2025\/06\/imagen-1-768x512.jpeg 768w\" sizes=\"(max-width: 1536px) 100vw, 1536px\" \/><\/div>\n\t\t<\/a>\n\t\t\t\t<div class=\"elementor-post__text\">\n\t\t\t\t<h3 class=\"elementor-post__title\">\n\t\t\t<a href=\"https:\/\/gasmen.com.mx\/web\/ai-and-robotics-in-mexico-management-insights\/\" >\n\t\t\t\tAI and Robotics in Mexico: Management Insights\t\t\t<\/a>\n\t\t<\/h3>\n\t\t\t\t<div class=\"elementor-post__meta-data\">\n\t\t\t\t\t<span class=\"elementor-post-date\">\n\t\t\tjunio 3, 2025\t\t<\/span>\n\t\t\t\t<span class=\"elementor-post-avatar\">\n\t\t\tNo hay comentarios\t\t<\/span>\n\t\t\t\t<\/div>\n\t\t\t\t<div class=\"elementor-post__excerpt\">\n\t\t\t<p>Artificial intelligence (AI) and robotics are no longer promises of the future\u2014they are a present reality that is redefining how Mexican companies operate, make decisions,<\/p>\n\t\t<\/div>\n\t\t\n\t\t<a class=\"elementor-post__read-more\" href=\"https:\/\/gasmen.com.mx\/web\/ai-and-robotics-in-mexico-management-insights\/\" aria-label=\"M\u00e1s informaci\u00f3n sobre AI and Robotics in Mexico: Management Insights\" tabindex=\"-1\" >\n\t\t\tLeer m\u00e1s \u00bb\t\t<\/a>\n\n\t\t\t\t<\/div>\n\t\t\t\t<\/article>\n\t\t\t\t<article class=\"elementor-post elementor-grid-item post-627 post type-post status-publish format-standard has-post-thumbnail hentry category-uncategorized\" role=\"listitem\">\n\t\t\t\t<a class=\"elementor-post__thumbnail__link\" href=\"https:\/\/gasmen.com.mx\/web\/ia-y-robotica-en-mexico-consejos-de-administracion\/\" tabindex=\"-1\" >\n\t\t\t<div class=\"elementor-post__thumbnail\"><img decoding=\"async\" width=\"1536\" height=\"1024\" src=\"https:\/\/gasmen.com.mx\/web\/wp-content\/uploads\/2025\/06\/imagen-1.jpeg\" class=\"attachment-2048x2048 size-2048x2048 wp-image-628\" alt=\"\" srcset=\"https:\/\/gasmen.com.mx\/web\/wp-content\/uploads\/2025\/06\/imagen-1.jpeg 1536w, https:\/\/gasmen.com.mx\/web\/wp-content\/uploads\/2025\/06\/imagen-1-300x200.jpeg 300w, https:\/\/gasmen.com.mx\/web\/wp-content\/uploads\/2025\/06\/imagen-1-1024x683.jpeg 1024w, https:\/\/gasmen.com.mx\/web\/wp-content\/uploads\/2025\/06\/imagen-1-768x512.jpeg 768w\" sizes=\"(max-width: 1536px) 100vw, 1536px\" \/><\/div>\n\t\t<\/a>\n\t\t\t\t<div class=\"elementor-post__text\">\n\t\t\t\t<h3 class=\"elementor-post__title\">\n\t\t\t<a href=\"https:\/\/gasmen.com.mx\/web\/ia-y-robotica-en-mexico-consejos-de-administracion\/\" >\n\t\t\t\tIA y Rob\u00f3tica en M\u00e9xico: Consejos de Administraci\u00f3n\t\t\t<\/a>\n\t\t<\/h3>\n\t\t\t\t<div class=\"elementor-post__meta-data\">\n\t\t\t\t\t<span class=\"elementor-post-date\">\n\t\t\tjunio 3, 2025\t\t<\/span>\n\t\t\t\t<span class=\"elementor-post-avatar\">\n\t\t\tNo hay comentarios\t\t<\/span>\n\t\t\t\t<\/div>\n\t\t\t\t<div class=\"elementor-post__excerpt\">\n\t\t\t<p>La inteligencia artificial (IA) y la rob\u00f3tica ya no son promesas del futuro: son una realidad presente que est\u00e1 redefiniendo la forma en que las<\/p>\n\t\t<\/div>\n\t\t\n\t\t<a class=\"elementor-post__read-more\" href=\"https:\/\/gasmen.com.mx\/web\/ia-y-robotica-en-mexico-consejos-de-administracion\/\" aria-label=\"M\u00e1s informaci\u00f3n sobre IA y Rob\u00f3tica en M\u00e9xico: Consejos de Administraci\u00f3n\" tabindex=\"-1\" >\n\t\t\tLeer m\u00e1s \u00bb\t\t<\/a>\n\n\t\t\t\t<\/div>\n\t\t\t\t<\/article>\n\t\t\t\t<article class=\"elementor-post elementor-grid-item post-624 post type-post status-publish format-standard has-post-thumbnail hentry category-uncategorized\" role=\"listitem\">\n\t\t\t\t<a class=\"elementor-post__thumbnail__link\" href=\"https:\/\/gasmen.com.mx\/web\/ai-and-robotics-management-and-board-meetings\/\" tabindex=\"-1\" >\n\t\t\t<div class=\"elementor-post__thumbnail\"><img decoding=\"async\" width=\"1313\" height=\"876\" src=\"https:\/\/gasmen.com.mx\/web\/wp-content\/uploads\/2025\/05\/robot-with-businessmen-on-the-street-near-the-buil-2025-03-25-02-56-47-utc.jpg\" class=\"attachment-2048x2048 size-2048x2048 wp-image-622\" alt=\"\" srcset=\"https:\/\/gasmen.com.mx\/web\/wp-content\/uploads\/2025\/05\/robot-with-businessmen-on-the-street-near-the-buil-2025-03-25-02-56-47-utc.jpg 1313w, https:\/\/gasmen.com.mx\/web\/wp-content\/uploads\/2025\/05\/robot-with-businessmen-on-the-street-near-the-buil-2025-03-25-02-56-47-utc-300x200.jpg 300w, https:\/\/gasmen.com.mx\/web\/wp-content\/uploads\/2025\/05\/robot-with-businessmen-on-the-street-near-the-buil-2025-03-25-02-56-47-utc-1024x683.jpg 1024w, https:\/\/gasmen.com.mx\/web\/wp-content\/uploads\/2025\/05\/robot-with-businessmen-on-the-street-near-the-buil-2025-03-25-02-56-47-utc-768x512.jpg 768w\" sizes=\"(max-width: 1313px) 100vw, 1313px\" \/><\/div>\n\t\t<\/a>\n\t\t\t\t<div class=\"elementor-post__text\">\n\t\t\t\t<h3 class=\"elementor-post__title\">\n\t\t\t<a href=\"https:\/\/gasmen.com.mx\/web\/ai-and-robotics-management-and-board-meetings\/\" >\n\t\t\t\tAI and Robotics: Management and board meetings\t\t\t<\/a>\n\t\t<\/h3>\n\t\t\t\t<div class=\"elementor-post__meta-data\">\n\t\t\t\t\t<span class=\"elementor-post-date\">\n\t\t\tmayo 27, 2025\t\t<\/span>\n\t\t\t\t<span class=\"elementor-post-avatar\">\n\t\t\tNo hay comentarios\t\t<\/span>\n\t\t\t\t<\/div>\n\t\t\t\t<div class=\"elementor-post__excerpt\">\n\t\t\t<p>Pioneering companies have integrated AI and\/or robots into their management and governing bodies. VITAL 2014 In 2014, the British company Aging Analytics created VITAL (Validating<\/p>\n\t\t<\/div>\n\t\t\n\t\t<a class=\"elementor-post__read-more\" href=\"https:\/\/gasmen.com.mx\/web\/ai-and-robotics-management-and-board-meetings\/\" aria-label=\"M\u00e1s informaci\u00f3n sobre AI and Robotics: Management and board meetings\" tabindex=\"-1\" >\n\t\t\tLeer m\u00e1s \u00bb\t\t<\/a>\n\n\t\t\t\t<\/div>\n\t\t\t\t<\/article>\n\t\t\t\t<article class=\"elementor-post elementor-grid-item post-621 post type-post status-publish format-standard has-post-thumbnail hentry category-uncategorized\" role=\"listitem\">\n\t\t\t\t<a class=\"elementor-post__thumbnail__link\" href=\"https:\/\/gasmen.com.mx\/web\/ia-y-robotica-administracion-y-juntas-de-consejo\/\" tabindex=\"-1\" >\n\t\t\t<div class=\"elementor-post__thumbnail\"><img decoding=\"async\" width=\"1313\" height=\"876\" src=\"https:\/\/gasmen.com.mx\/web\/wp-content\/uploads\/2025\/05\/robot-with-businessmen-on-the-street-near-the-buil-2025-03-25-02-56-47-utc.jpg\" class=\"attachment-2048x2048 size-2048x2048 wp-image-622\" alt=\"\" srcset=\"https:\/\/gasmen.com.mx\/web\/wp-content\/uploads\/2025\/05\/robot-with-businessmen-on-the-street-near-the-buil-2025-03-25-02-56-47-utc.jpg 1313w, https:\/\/gasmen.com.mx\/web\/wp-content\/uploads\/2025\/05\/robot-with-businessmen-on-the-street-near-the-buil-2025-03-25-02-56-47-utc-300x200.jpg 300w, https:\/\/gasmen.com.mx\/web\/wp-content\/uploads\/2025\/05\/robot-with-businessmen-on-the-street-near-the-buil-2025-03-25-02-56-47-utc-1024x683.jpg 1024w, https:\/\/gasmen.com.mx\/web\/wp-content\/uploads\/2025\/05\/robot-with-businessmen-on-the-street-near-the-buil-2025-03-25-02-56-47-utc-768x512.jpg 768w\" sizes=\"(max-width: 1313px) 100vw, 1313px\" \/><\/div>\n\t\t<\/a>\n\t\t\t\t<div class=\"elementor-post__text\">\n\t\t\t\t<h3 class=\"elementor-post__title\">\n\t\t\t<a href=\"https:\/\/gasmen.com.mx\/web\/ia-y-robotica-administracion-y-juntas-de-consejo\/\" >\n\t\t\t\tIA y Rob\u00f3tica: Administraci\u00f3n y Juntas de Consejo\t\t\t<\/a>\n\t\t<\/h3>\n\t\t\t\t<div class=\"elementor-post__meta-data\">\n\t\t\t\t\t<span class=\"elementor-post-date\">\n\t\t\tmayo 27, 2025\t\t<\/span>\n\t\t\t\t<span class=\"elementor-post-avatar\">\n\t\t\tNo hay comentarios\t\t<\/span>\n\t\t\t\t<\/div>\n\t\t\t\t<div class=\"elementor-post__excerpt\">\n\t\t\t<p>Empresas pioneras han incorporado IA y\/o Robots en su administraci\u00f3n y \u00f3rganos directivos. VITAL 2014 En 2014, la empresa brit\u00e1nica Aging Analytics cre\u00f3 VITAL (Validating<\/p>\n\t\t<\/div>\n\t\t\n\t\t<a class=\"elementor-post__read-more\" href=\"https:\/\/gasmen.com.mx\/web\/ia-y-robotica-administracion-y-juntas-de-consejo\/\" aria-label=\"M\u00e1s informaci\u00f3n sobre IA y Rob\u00f3tica: Administraci\u00f3n y Juntas de Consejo\" tabindex=\"-1\" >\n\t\t\tLeer m\u00e1s \u00bb\t\t<\/a>\n\n\t\t\t\t<\/div>\n\t\t\t\t<\/article>\n\t\t\t\t<article class=\"elementor-post elementor-grid-item post-616 post type-post status-publish format-standard has-post-thumbnail hentry category-uncategorized\" role=\"listitem\">\n\t\t\t\t<a class=\"elementor-post__thumbnail__link\" href=\"https:\/\/gasmen.com.mx\/web\/smart-cities-transforming-the-way-we-live\/\" tabindex=\"-1\" >\n\t\t\t<div class=\"elementor-post__thumbnail\"><img loading=\"lazy\" decoding=\"async\" width=\"1536\" height=\"1024\" src=\"https:\/\/gasmen.com.mx\/web\/wp-content\/uploads\/2025\/05\/WhatsApp-Image-2025-05-12-at-12.21.34-PM.jpeg\" class=\"attachment-2048x2048 size-2048x2048 wp-image-606\" alt=\"\" srcset=\"https:\/\/gasmen.com.mx\/web\/wp-content\/uploads\/2025\/05\/WhatsApp-Image-2025-05-12-at-12.21.34-PM.jpeg 1536w, https:\/\/gasmen.com.mx\/web\/wp-content\/uploads\/2025\/05\/WhatsApp-Image-2025-05-12-at-12.21.34-PM-300x200.jpeg 300w, https:\/\/gasmen.com.mx\/web\/wp-content\/uploads\/2025\/05\/WhatsApp-Image-2025-05-12-at-12.21.34-PM-1024x683.jpeg 1024w, https:\/\/gasmen.com.mx\/web\/wp-content\/uploads\/2025\/05\/WhatsApp-Image-2025-05-12-at-12.21.34-PM-768x512.jpeg 768w\" sizes=\"(max-width: 1536px) 100vw, 1536px\" \/><\/div>\n\t\t<\/a>\n\t\t\t\t<div class=\"elementor-post__text\">\n\t\t\t\t<h3 class=\"elementor-post__title\">\n\t\t\t<a href=\"https:\/\/gasmen.com.mx\/web\/smart-cities-transforming-the-way-we-live\/\" >\n\t\t\t\tSmart cities: Transforming the way we live\t\t\t<\/a>\n\t\t<\/h3>\n\t\t\t\t<div class=\"elementor-post__meta-data\">\n\t\t\t\t\t<span class=\"elementor-post-date\">\n\t\t\tmayo 19, 2025\t\t<\/span>\n\t\t\t\t<span class=\"elementor-post-avatar\">\n\t\t\tNo hay comentarios\t\t<\/span>\n\t\t\t\t<\/div>\n\t\t\t\t<div class=\"elementor-post__excerpt\">\n\t\t\t<p>Artificial intelligence and robotics are not promises of the future\u2014they are powerful realities that are revolutionizing our lives and environments. Today, they are transforming entire<\/p>\n\t\t<\/div>\n\t\t\n\t\t<a class=\"elementor-post__read-more\" href=\"https:\/\/gasmen.com.mx\/web\/smart-cities-transforming-the-way-we-live\/\" aria-label=\"M\u00e1s informaci\u00f3n sobre Smart cities: Transforming the way we live\" tabindex=\"-1\" >\n\t\t\tLeer m\u00e1s \u00bb\t\t<\/a>\n\n\t\t\t\t<\/div>\n\t\t\t\t<\/article>\n\t\t\t\t<\/div>\n\t\t\n\t\t\t\t\t\t<\/div>\n\t\t\t\t<\/div>\n\t\t\t\t\t<\/div>\n\t\t<\/div>\n\t\t\t\t\t<\/div>\n\t\t<\/section>\n\t\t\t\t<\/div>\n\t\t","protected":false},"excerpt":{"rendered":"<p>Welcome to our blog!<\/p>\n","protected":false},"author":1,"featured_media":0,"parent":0,"menu_order":0,"comment_status":"closed","ping_status":"closed","template":"elementor_header_footer","meta":{"site-sidebar-layout":"no-sidebar","site-content-layout":"","ast-site-content-layout":"full-width-container","site-content-style":"default","site-sidebar-style":"default","ast-global-header-display":"","ast-banner-title-visibility":"","ast-main-header-display":"","ast-hfb-above-header-display":"","ast-hfb-below-header-display":"","ast-hfb-mobile-header-display":"","site-post-title":"disabled","ast-breadcrumbs-content":"","ast-featured-img":"disabled","footer-sml-layout":"","theme-transparent-header-meta":"","adv-header-id-meta":"","stick-header-meta":"","header-above-stick-meta":"","header-main-stick-meta":"","header-below-stick-meta":"","astra-migrate-meta-layouts":"","ast-page-background-enabled":"default","ast-page-background-meta":{"desktop":{"background-color":"var(--ast-global-color-4)","background-image":"","background-repeat":"repeat","background-position":"center center","background-size":"auto","background-attachment":"scroll","background-type":"","background-media":"","overlay-type":"","overlay-color":"","overlay-gradient":""},"tablet":{"background-color":"","background-image":"","background-repeat":"repeat","background-position":"center center","background-size":"auto","background-attachment":"scroll","background-type":"","background-media":"","overlay-type":"","overlay-color":"","overlay-gradient":""},"mobile":{"background-color":"","background-image":"","background-repeat":"repeat","background-position":"center center","background-size":"auto","background-attachment":"scroll","background-type":"","background-media":"","overlay-type":"","overlay-color":"","overlay-gradient":""}},"ast-content-background-meta":{"desktop":{"background-color":"var(--ast-global-color-5)","background-image":"","background-repeat":"repeat","background-position":"center center","background-size":"auto","background-attachment":"scroll","background-type":"","background-media":"","overlay-type":"","overlay-color":"","overlay-gradient":""},"tablet":{"background-color":"var(--ast-global-color-5)","background-image":"","background-repeat":"repeat","background-position":"center center","background-size":"auto","background-attachment":"scroll","background-type":"","background-media":"","overlay-type":"","overlay-color":"","overlay-gradient":""},"mobile":{"background-color":"var(--ast-global-color-5)","background-image":"","background-repeat":"repeat","background-position":"center center","background-size":"auto","background-attachment":"scroll","background-type":"","background-media":"","overlay-type":"","overlay-color":"","overlay-gradient":""}},"footnotes":""},"class_list":["post-282","page","type-page","status-publish","hentry"],"_links":{"self":[{"href":"https:\/\/gasmen.com.mx\/web\/wp-json\/wp\/v2\/pages\/282","targetHints":{"allow":["GET"]}}],"collection":[{"href":"https:\/\/gasmen.com.mx\/web\/wp-json\/wp\/v2\/pages"}],"about":[{"href":"https:\/\/gasmen.com.mx\/web\/wp-json\/wp\/v2\/types\/page"}],"author":[{"embeddable":true,"href":"https:\/\/gasmen.com.mx\/web\/wp-json\/wp\/v2\/users\/1"}],"replies":[{"embeddable":true,"href":"https:\/\/gasmen.com.mx\/web\/wp-json\/wp\/v2\/comments?post=282"}],"version-history":[{"count":16,"href":"https:\/\/gasmen.com.mx\/web\/wp-json\/wp\/v2\/pages\/282\/revisions"}],"predecessor-version":[{"id":812,"href":"https:\/\/gasmen.com.mx\/web\/wp-json\/wp\/v2\/pages\/282\/revisions\/812"}],"wp:attachment":[{"href":"https:\/\/gasmen.com.mx\/web\/wp-json\/wp\/v2\/media?parent=282"}],"curies":[{"name":"wp","href":"https:\/\/api.w.org\/{rel}","templated":true}]}}